{"id":136,"date":"2015-03-27T15:20:47","date_gmt":"2015-03-27T15:20:47","guid":{"rendered":"http:\/\/www.utcanev-tabla.hu\/?page_id=136"},"modified":"2026-02-01T17:06:08","modified_gmt":"2026-02-01T17:06:08","slug":"kapcsolat","status":"publish","type":"page","link":"http:\/\/www.utcanev-tabla.hu\/?page_id=136","title":{"rendered":"Kapcsolat"},"content":{"rendered":"<p>T\u00e1bla Centrum Kft.<\/p>\n<p>Tar J\u00e1nos \u00fcgyvezet\u0151<\/p>\n<p>Sz\u00e9khely: 1077 Budapest, Rottenbiller utca 44. fsz. \u00dc-8.<\/p>\n<p>Tel.: +36 30 216-7432<\/p>\n<p>e-mail: tar.janos@tabla.hu<\/p>\n","protected":false},"excerpt":{"rendered":"<p>T\u00e1bla Centrum Kft. Tar J\u00e1nos \u00fcgyvezet\u0151 Sz\u00e9khely: 1077 Budapest, Rottenbiller utca 44. fsz. \u00dc-8. Tel.: +36 30 216-7432 e-mail: tar.janos@tabla.hu<\/p>\n","protected":false},"author":2,"featured_media":0,"parent":0,"menu_order":0,"comment_status":"closed","ping_status":"open","template":"","meta":{"footnotes":""},"class_list":["post-136","page","type-page","status-publish","hentry"],"_links":{"self":[{"href":"http:\/\/www.utcanev-tabla.hu\/index.php?rest_route=\/wp\/v2\/pages\/136","targetHints":{"allow":["GET"]}}],"collection":[{"href":"http:\/\/www.utcanev-tabla.hu\/index.php?rest_route=\/wp\/v2\/pages"}],"about":[{"href":"http:\/\/www.utcanev-tabla.hu\/index.php?rest_route=\/wp\/v2\/types\/page"}],"author":[{"embeddable":true,"href":"http:\/\/www.utcanev-tabla.hu\/index.php?rest_route=\/wp\/v2\/users\/2"}],"replies":[{"embeddable":true,"href":"http:\/\/www.utcanev-tabla.hu\/index.php?rest_route=%2Fwp%2Fv2%2Fcomments&post=136"}],"version-history":[{"count":4,"href":"http:\/\/www.utcanev-tabla.hu\/index.php?rest_route=\/wp\/v2\/pages\/136\/revisions"}],"predecessor-version":[{"id":142994,"href":"http:\/\/www.utcanev-tabla.hu\/index.php?rest_route=\/wp\/v2\/pages\/136\/revisions\/142994"}],"wp:attachment":[{"href":"http:\/\/www.utcanev-tabla.hu\/index.php?rest_route=%2Fwp%2Fv2%2Fmedia&parent=136"}],"curies":[{"name":"wp","href":"https:\/\/api.w.org\/{rel}","templated":true}]}}