{"id":151,"date":"2015-03-27T15:55:00","date_gmt":"2015-03-27T15:55:00","guid":{"rendered":"http:\/\/www.utcanev-tabla.hu\/?page_id=151"},"modified":"2015-03-31T11:12:02","modified_gmt":"2015-03-31T11:12:02","slug":"horganyzott-lemez-tablak","status":"publish","type":"page","link":"http:\/\/www.utcanev-tabla.hu\/?page_id=151","title":{"rendered":"Horganyzott lemez t\u00e1bl\u00e1k"},"content":{"rendered":"<p>A horganyzott lemez t\u00e1bl\u00e1k porsz\u00f3rt horganyzott alaplemezre festett grafik\u00e1kkal k\u00e9sz\u00fclnek,\u00a0 alapvet\u0151en h\u00e1rom k\u00fcl\u00f6nb\u00f6z\u0151 kivitelben:<\/p>\n<p>Doboz alak\u00fa, peremezett, s\u00edk.<\/p>\n<p>A <strong>doboz alak\u00fa<\/strong> t\u00e1bl\u00e1k sz\u00e9lein\u00e9l k\u00f6rben 10-10 mm-es der\u00e9ksz\u00f6g\u0171 lehajt\u00e1s van, \u00e1ltal\u00e1ban nagyobb m\u00e9ret\u0171 t\u00e1bl\u00e1kn\u00e1l haszn\u00e1ljuk ezt a t\u00edpust. B\u00e1rmilyen sz\u00edn\u0171 porsz\u00f3r\u00e1st kaphat, illetve a grafika is b\u00e1rmilyen sz\u00ednnel festhet\u0151. A szabv\u00e1ny budapesti utcan\u00e9vt\u00e1bla is doboz alak\u00fa, 700-1150&#215;300 mm-es m\u00e9retekben. A budapesti ker\u00fcletek d\u00f6nt\u0151 t\u00f6bbs\u00e9ge c\u00e9g\u00fcnk t\u00e1bl\u00e1it v\u00e1s\u00e1rolja.\u00a0 A budapesti szabv\u00e1ny t\u00e1bl\u00e1kr\u00f3l b\u0151vebben itt olvashatnak: <a href=\"http:\/\/www.utcanev-tabla.hu\/wp-content\/uploads\/2015\/03\/Utcan\u00e9vt\u00e1bl\u00e1k-budapesti-rendelete.pdf\">Utcan\u00e9vt\u00e1bl\u00e1k budapesti rendelete<\/a><\/p>\n<p><a href=\"http:\/\/www.utcanev-tabla.hu\/wp-content\/uploads\/2015\/03\/100_3503.jpg\"><img loading=\"lazy\" decoding=\"async\" class=\"alignnone  wp-image-28\" src=\"http:\/\/www.utcanev-tabla.hu\/wp-content\/uploads\/2015\/03\/100_3503.jpg\" alt=\"100_3503\" width=\"252\" height=\"192\" srcset=\"http:\/\/www.utcanev-tabla.hu\/wp-content\/uploads\/2015\/03\/100_3503.jpg 816w, http:\/\/www.utcanev-tabla.hu\/wp-content\/uploads\/2015\/03\/100_3503-300x229.jpg 300w\" sizes=\"auto, (max-width: 252px) 100vw, 252px\" \/><\/a> <a href=\"http:\/\/www.utcanev-tabla.hu\/wp-content\/uploads\/2015\/03\/Doboz.jpg\"><img loading=\"lazy\" decoding=\"async\" class=\"alignnone  wp-image-330\" src=\"http:\/\/www.utcanev-tabla.hu\/wp-content\/uploads\/2015\/03\/Doboz.jpg\" alt=\"Doboz\" width=\"288\" height=\"192\" srcset=\"http:\/\/www.utcanev-tabla.hu\/wp-content\/uploads\/2015\/03\/Doboz.jpg 800w, http:\/\/www.utcanev-tabla.hu\/wp-content\/uploads\/2015\/03\/Doboz-300x200.jpg 300w\" sizes=\"auto, (max-width: 288px) 100vw, 288px\" \/><\/a><\/p>\n<p>A <strong>peremezett t\u00e1bl\u00e1k<\/strong> sz\u00e9lei k\u00f6rben 45 fokban vannak lehajtva, \u00e1ltal\u00e1ban a kisebb m\u00e9ret\u0171 t\u00e1bl\u00e1kn\u00e1l haszn\u00e1ljuk,feh\u00e9r alapon fekete festett grafik\u00e1val, de ig\u00e9ny szerint b\u00e1rmilyen sz\u00ednkombin\u00e1ci\u00f3ban gy\u00e1rtjuk.<\/p>\n<p><a href=\"http:\/\/www.utcanev-tabla.hu\/wp-content\/uploads\/2015\/03\/Nosztalgia-ps1.jpg\"><img loading=\"lazy\" decoding=\"async\" class=\"alignnone size-medium wp-image-200\" src=\"http:\/\/www.utcanev-tabla.hu\/wp-content\/uploads\/2015\/03\/Nosztalgia-ps1-300x142.jpg\" alt=\"Nosztalgia ps\" width=\"300\" height=\"142\" srcset=\"http:\/\/www.utcanev-tabla.hu\/wp-content\/uploads\/2015\/03\/Nosztalgia-ps1-300x142.jpg 300w, http:\/\/www.utcanev-tabla.hu\/wp-content\/uploads\/2015\/03\/Nosztalgia-ps1-1024x484.jpg 1024w, http:\/\/www.utcanev-tabla.hu\/wp-content\/uploads\/2015\/03\/Nosztalgia-ps1.jpg 1366w\" sizes=\"auto, (max-width: 300px) 100vw, 300px\" \/><\/a> <a href=\"http:\/\/www.utcanev-tabla.hu\/wp-content\/uploads\/2015\/03\/Peremezet.jpg\"><img loading=\"lazy\" decoding=\"async\" class=\"alignnone  wp-image-331\" src=\"http:\/\/www.utcanev-tabla.hu\/wp-content\/uploads\/2015\/03\/Peremezet.jpg\" alt=\"Peremezet\" width=\"213\" height=\"142\" srcset=\"http:\/\/www.utcanev-tabla.hu\/wp-content\/uploads\/2015\/03\/Peremezet.jpg 800w, http:\/\/www.utcanev-tabla.hu\/wp-content\/uploads\/2015\/03\/Peremezet-300x200.jpg 300w\" sizes=\"auto, (max-width: 213px) 100vw, 213px\" \/><\/a><\/p>\n<p><strong>Minden feh\u00e9r alapon fekete sz\u00ednnel festett horganyzott t\u00e1bl\u00e1nkra kiemelt 10 \u00e9ves garanci\u00e1t adunk.<\/strong><\/p>\n","protected":false},"excerpt":{"rendered":"<p>A horganyzott lemez t\u00e1bl\u00e1k porsz\u00f3rt horganyzott alaplemezre festett grafik\u00e1kkal k\u00e9sz\u00fclnek,\u00a0 alapvet\u0151en h\u00e1rom k\u00fcl\u00f6nb\u00f6z\u0151 kivitelben: Doboz alak\u00fa, peremezett, s\u00edk. A doboz alak\u00fa t\u00e1bl\u00e1k sz\u00e9lein\u00e9l k\u00f6rben 10-10 mm-es der\u00e9ksz\u00f6g\u0171 lehajt\u00e1s van, \u00e1ltal\u00e1ban nagyobb m\u00e9ret\u0171 t\u00e1bl\u00e1kn\u00e1l haszn\u00e1ljuk ezt a t\u00edpust. B\u00e1rmilyen sz\u00edn\u0171 porsz\u00f3r\u00e1st&hellip; <\/p>\n","protected":false},"author":2,"featured_media":28,"parent":0,"menu_order":0,"comment_status":"closed","ping_status":"open","template":"","meta":{"footnotes":""},"class_list":["post-151","page","type-page","status-publish","has-post-thumbnail","hentry"],"_links":{"self":[{"href":"http:\/\/www.utcanev-tabla.hu\/index.php?rest_route=\/wp\/v2\/pages\/151","targetHints":{"allow":["GET"]}}],"collection":[{"href":"http:\/\/www.utcanev-tabla.hu\/index.php?rest_route=\/wp\/v2\/pages"}],"about":[{"href":"http:\/\/www.utcanev-tabla.hu\/index.php?rest_route=\/wp\/v2\/types\/page"}],"author":[{"embeddable":true,"href":"http:\/\/www.utcanev-tabla.hu\/index.php?rest_route=\/wp\/v2\/users\/2"}],"replies":[{"embeddable":true,"href":"http:\/\/www.utcanev-tabla.hu\/index.php?rest_route=%2Fwp%2Fv2%2Fcomments&post=151"}],"version-history":[{"count":5,"href":"http:\/\/www.utcanev-tabla.hu\/index.php?rest_route=\/wp\/v2\/pages\/151\/revisions"}],"predecessor-version":[{"id":332,"href":"http:\/\/www.utcanev-tabla.hu\/index.php?rest_route=\/wp\/v2\/pages\/151\/revisions\/332"}],"wp:featuredmedia":[{"embeddable":true,"href":"http:\/\/www.utcanev-tabla.hu\/index.php?rest_route=\/wp\/v2\/media\/28"}],"wp:attachment":[{"href":"http:\/\/www.utcanev-tabla.hu\/index.php?rest_route=%2Fwp%2Fv2%2Fmedia&parent=151"}],"curies":[{"name":"wp","href":"https:\/\/api.w.org\/{rel}","templated":true}]}}