{"id":248,"date":"2015-03-28T19:35:37","date_gmt":"2015-03-28T19:35:37","guid":{"rendered":"http:\/\/www.utcanev-tabla.hu\/?page_id=248"},"modified":"2026-02-01T17:53:29","modified_gmt":"2026-02-01T17:53:29","slug":"kovacsoltvas-utbaigazito-rendszerek","status":"publish","type":"page","link":"http:\/\/www.utcanev-tabla.hu\/?page_id=248","title":{"rendered":"Kov\u00e1csoltvas \u00fatbaigaz\u00edt\u00f3 rendszerek"},"content":{"rendered":"<p>A T\u00e1bla Centrum Kft. az utcan\u00e9vt\u00e1bl\u00e1k \u00e9s inform\u00e1ci\u00f3s rendszerek egyik legnagyobb hazai gy\u00e1rt\u00f3jak\u00e9nt most \u00faj term\u00e9kcsal\u00e1ddal jelentkezik.<br \/>\nAmennyiben telep\u00fcl\u00e9s\u00fck\u00f6n az \u00e1ltal\u00e1nosan elterjedt\u00a0 z\u00e1rtszelv\u00e9ny vagy hajl\u00edtott cs\u0151 tart\u00f3szerkezetek alkalmaz\u00e1sa helyett valami egyedit, k\u00fcl\u00f6nlegeset k\u00e9pzeltek el, kov\u00e1csoltvas rendszereink t\u00f6k\u00e9letes megold\u00e1st jelentenek.<br \/>\nA kov\u00e1csoltvas t\u00e1blakeretek d\u00edsz\u00edt\u0151elemei hagyom\u00e1nyos kov\u00e1csmunk\u00e1val k\u00e9sz\u00fclnek, a <span style=\"color: #ff0000;\"><a style=\"color: #ff0000;\" href=\"http:\/\/www.vasvereb.com\" target=\"_blank\" rel=\"noopener\"><strong>Vasver\u00e9b k\u00e9zm\u0171ves m\u0171helyben<\/strong><\/a><\/span>. Minden darab kov\u00e1cst\u0171zben izz\u00edtva \u00e9ri el a megmunk\u00e1l\u00e1shoz sz\u00fcks\u00e9ges h\u0151fokot, \u00e9s k\u00e9zimunk\u00e1val, \u00fcll\u0151n kalap\u00e1lva nyeri el v\u00e9gs\u0151 form\u00e1j\u00e1t, magyarorsz\u00e1gi kov\u00e1csm\u0171helyben, magyar kov\u00e1cs \u00e1ltal v\u00e9gzett munka eredm\u00e9nyek\u00e9nt.<br \/>\nA fel\u00fcletkezel\u00e9s is k\u00e9zi fest\u00e9ssel t\u00f6rt\u00e9nik, m\u0171gyanta tartalm\u00fa korr\u00f3zi\u00f3g\u00e1tl\u00f3 alapoz\u00e1s ut\u00e1n k\u00e9tkomponens\u0171 fest\u00e9kkel. Mindk\u00e9t f\u00e1zis t\u00f6bb r\u00e9tegben ker\u00fcl felhord\u00e1sra, ez hossz\u00fat\u00e1v\u00fa v\u00e9delmet biztos\u00edt az \u00e1trozsd\u00e1sod\u00e1ssal szemben.<br \/>\nA keretek kialak\u00edt\u00e1sa nagy m\u00e9rt\u00e9kben alkalmazkodhat megrendel\u0151ink egyedi ig\u00e9nyeihez,\u00a0 egy-egy a t\u00e1jegys\u00e9gre, telep\u00fcl\u00e9sre jellemz\u0151 mot\u00edvum megjelen\u00edt\u00e9se szabadon megval\u00f3s\u00edthat\u00f3. A t\u00e1bl\u00e1k a tart\u00f3szerkezetek kialak\u00edt\u00e1sa miatt k\u00e9toldalas grafik\u00e1val k\u00e9sz\u00fclhetnek.<br \/>\nFenti egyed\u00fcl\u00e1ll\u00f3 jellemz\u0151k ellen\u00e9re az \u00fatbaigaz\u00edt\u00f3 rendszerek \u00e1r\u00e1t igyeksz\u00fcnk alacsonyan tartani, \u00edgy amennyiben mostani megkeres\u00e9s\u00fcnk nyom\u00e1n telep\u00fcl\u00e9s\u00fck kov\u00e1csoltvas term\u00e9keink beszerz\u00e9se mellett d\u00f6nt, legal\u00e1bb 15 db tart\u00f3szerkezet+k\u00e9toldalas t\u00e1bla v\u00e1s\u00e1rl\u00e1sa eset\u00e9n most<\/p>\n<h1><strong>\u00a0\u00a0\u00a0\u00a0\u00a0\u00a0\u00a0\u00a0\u00a0\u00a0\u00a0\u00a0\u00a0\u00a0 \u00a0 \u00a0 \u00a0 \u00a0 \u00a0 \u00a0 \u00a0 \u00a0\u00a0\u00a0\u00a0\u00a0\u00a0\u00a0\u00a0 <span style=\"color: #ff0000;\">57.900 Ft+\u00c1fa\/db<\/span><\/strong><\/h1>\n<p style=\"text-align: left;\">\u00e1ron juthatnak hozz\u00e1 lak\u00f3hely\u00fck \u00faj d\u00edszeihez*.<\/p>\n<p style=\"text-align: left;\"><em>(*1 db 750&#215;2000 mm befoglal\u00f3 m\u00e9ret\u0171 tart\u00f3szerkezet, +1 db 600&#215;200 mm-es k\u00e9toldalas grafik\u00e1val ell\u00e1tott t\u00e1bla \u00f6sszeszerelve, az \u00e1r a nyersanyag\u00e1rak f\u00fcggv\u00e9ny\u00e9ben v\u00e1ltozhat)<\/em><\/p>\n<p><a href=\"http:\/\/www.utcanev-tabla.hu\/wp-content\/uploads\/2015\/03\/IMG_9869.jpg\"><img loading=\"lazy\" decoding=\"async\" class=\"alignnone wp-image-266 \" src=\"http:\/\/www.utcanev-tabla.hu\/wp-content\/uploads\/2015\/03\/IMG_9869.jpg\" alt=\"IMG_9869\" width=\"250\" height=\"167\" srcset=\"http:\/\/www.utcanev-tabla.hu\/wp-content\/uploads\/2015\/03\/IMG_9869.jpg 800w, http:\/\/www.utcanev-tabla.hu\/wp-content\/uploads\/2015\/03\/IMG_9869-300x200.jpg 300w\" sizes=\"auto, (max-width: 250px) 100vw, 250px\" \/> <\/a><a href=\"http:\/\/www.utcanev-tabla.hu\/wp-content\/uploads\/2015\/03\/IMG_00011.jpg\"><img loading=\"lazy\" decoding=\"async\" class=\"alignnone wp-image-267\" src=\"http:\/\/www.utcanev-tabla.hu\/wp-content\/uploads\/2015\/03\/IMG_00011.jpg\" alt=\"IMG_0001\" width=\"249\" height=\"166\" srcset=\"http:\/\/www.utcanev-tabla.hu\/wp-content\/uploads\/2015\/03\/IMG_00011.jpg 800w, http:\/\/www.utcanev-tabla.hu\/wp-content\/uploads\/2015\/03\/IMG_00011-300x200.jpg 300w\" sizes=\"auto, (max-width: 249px) 100vw, 249px\" \/><\/a><a href=\"http:\/\/www.utcanev-tabla.hu\/wp-content\/uploads\/2015\/03\/IMG_12981.jpg\"> <img loading=\"lazy\" decoding=\"async\" class=\"alignnone wp-image-268\" src=\"http:\/\/www.utcanev-tabla.hu\/wp-content\/uploads\/2015\/03\/IMG_12981.jpg\" alt=\"IMG_1298\" width=\"251\" height=\"167\" srcset=\"http:\/\/www.utcanev-tabla.hu\/wp-content\/uploads\/2015\/03\/IMG_12981.jpg 800w, http:\/\/www.utcanev-tabla.hu\/wp-content\/uploads\/2015\/03\/IMG_12981-300x200.jpg 300w\" sizes=\"auto, (max-width: 251px) 100vw, 251px\" \/><\/a><\/p>\n<p><a href=\"http:\/\/www.utcanev-tabla.hu\/wp-content\/uploads\/2015\/03\/IMG_13102.jpg\"><img loading=\"lazy\" decoding=\"async\" class=\"alignnone wp-image-269\" src=\"http:\/\/www.utcanev-tabla.hu\/wp-content\/uploads\/2015\/03\/IMG_13102.jpg\" alt=\"IMG_1310\" width=\"250\" height=\"166\" srcset=\"http:\/\/www.utcanev-tabla.hu\/wp-content\/uploads\/2015\/03\/IMG_13102.jpg 800w, http:\/\/www.utcanev-tabla.hu\/wp-content\/uploads\/2015\/03\/IMG_13102-300x200.jpg 300w\" sizes=\"auto, (max-width: 250px) 100vw, 250px\" \/><\/a><a href=\"http:\/\/www.utcanev-tabla.hu\/wp-content\/uploads\/2015\/03\/IMG_13191.jpg\"> <img loading=\"lazy\" decoding=\"async\" class=\"alignnone wp-image-270\" src=\"http:\/\/www.utcanev-tabla.hu\/wp-content\/uploads\/2015\/03\/IMG_13191.jpg\" alt=\"IMG_1319\" width=\"251\" height=\"167\" srcset=\"http:\/\/www.utcanev-tabla.hu\/wp-content\/uploads\/2015\/03\/IMG_13191.jpg 800w, http:\/\/www.utcanev-tabla.hu\/wp-content\/uploads\/2015\/03\/IMG_13191-300x200.jpg 300w\" sizes=\"auto, (max-width: 251px) 100vw, 251px\" \/><\/a><a href=\"http:\/\/www.utcanev-tabla.hu\/wp-content\/uploads\/2015\/03\/IMG_92731.jpg\"> <img loading=\"lazy\" decoding=\"async\" class=\"alignnone wp-image-271\" src=\"http:\/\/www.utcanev-tabla.hu\/wp-content\/uploads\/2015\/03\/IMG_92731.jpg\" alt=\"IMG_9273\" width=\"251\" height=\"167\" srcset=\"http:\/\/www.utcanev-tabla.hu\/wp-content\/uploads\/2015\/03\/IMG_92731.jpg 800w, http:\/\/www.utcanev-tabla.hu\/wp-content\/uploads\/2015\/03\/IMG_92731-300x200.jpg 300w\" sizes=\"auto, (max-width: 251px) 100vw, 251px\" \/><\/a><\/p>\n","protected":false},"excerpt":{"rendered":"<p>A T\u00e1bla Centrum Kft. az utcan\u00e9vt\u00e1bl\u00e1k \u00e9s inform\u00e1ci\u00f3s rendszerek egyik legnagyobb hazai gy\u00e1rt\u00f3jak\u00e9nt most \u00faj term\u00e9kcsal\u00e1ddal jelentkezik. Amennyiben telep\u00fcl\u00e9s\u00fck\u00f6n az \u00e1ltal\u00e1nosan elterjedt\u00a0 z\u00e1rtszelv\u00e9ny vagy hajl\u00edtott cs\u0151 tart\u00f3szerkezetek alkalmaz\u00e1sa helyett valami egyedit, k\u00fcl\u00f6nlegeset k\u00e9pzeltek el, kov\u00e1csoltvas rendszereink t\u00f6k\u00e9letes megold\u00e1st jelentenek. A&hellip; <\/p>\n","protected":false},"author":2,"featured_media":0,"parent":0,"menu_order":0,"comment_status":"closed","ping_status":"open","template":"","meta":{"footnotes":""},"class_list":["post-248","page","type-page","status-publish","hentry"],"_links":{"self":[{"href":"http:\/\/www.utcanev-tabla.hu\/index.php?rest_route=\/wp\/v2\/pages\/248","targetHints":{"allow":["GET"]}}],"collection":[{"href":"http:\/\/www.utcanev-tabla.hu\/index.php?rest_route=\/wp\/v2\/pages"}],"about":[{"href":"http:\/\/www.utcanev-tabla.hu\/index.php?rest_route=\/wp\/v2\/types\/page"}],"author":[{"embeddable":true,"href":"http:\/\/www.utcanev-tabla.hu\/index.php?rest_route=\/wp\/v2\/users\/2"}],"replies":[{"embeddable":true,"href":"http:\/\/www.utcanev-tabla.hu\/index.php?rest_route=%2Fwp%2Fv2%2Fcomments&post=248"}],"version-history":[{"count":17,"href":"http:\/\/www.utcanev-tabla.hu\/index.php?rest_route=\/wp\/v2\/pages\/248\/revisions"}],"predecessor-version":[{"id":143001,"href":"http:\/\/www.utcanev-tabla.hu\/index.php?rest_route=\/wp\/v2\/pages\/248\/revisions\/143001"}],"wp:attachment":[{"href":"http:\/\/www.utcanev-tabla.hu\/index.php?rest_route=%2Fwp%2Fv2%2Fmedia&parent=248"}],"curies":[{"name":"wp","href":"https:\/\/api.w.org\/{rel}","templated":true}]}}