{"id":357,"date":"2015-04-02T10:36:56","date_gmt":"2015-04-02T10:36:56","guid":{"rendered":"http:\/\/www.utcanev-tabla.hu\/?page_id=357"},"modified":"2015-04-02T18:57:37","modified_gmt":"2015-04-02T18:57:37","slug":"hazszamtablak","status":"publish","type":"page","link":"http:\/\/www.utcanev-tabla.hu\/?page_id=357","title":{"rendered":"H\u00e1zsz\u00e1mt\u00e1bl\u00e1k"},"content":{"rendered":"<p><a href=\"http:\/\/www.utcanev-tabla.hu\/wp-content\/uploads\/2015\/04\/H\u00e1zsz\u00e1mok.jpg\"><img loading=\"lazy\" decoding=\"async\" class=\"alignnone size-full wp-image-381\" src=\"http:\/\/www.utcanev-tabla.hu\/wp-content\/uploads\/2015\/04\/H\u00e1zsz\u00e1mok.jpg\" alt=\"H\u00e1zsz\u00e1mok\" width=\"1038\" height=\"400\" srcset=\"http:\/\/www.utcanev-tabla.hu\/wp-content\/uploads\/2015\/04\/H\u00e1zsz\u00e1mok.jpg 1038w, http:\/\/www.utcanev-tabla.hu\/wp-content\/uploads\/2015\/04\/H\u00e1zsz\u00e1mok-300x116.jpg 300w, http:\/\/www.utcanev-tabla.hu\/wp-content\/uploads\/2015\/04\/H\u00e1zsz\u00e1mok-1024x395.jpg 1024w\" sizes=\"auto, (max-width: 1038px) 100vw, 1038px\" \/><\/a><\/p>\n<p>A h\u00e1zsz\u00e1mt\u00e1bl\u00e1k, csak\u00fagy, mint az utcan\u00e9vt\u00e1bl\u00e1k, mind m\u00e9ret\u00fcket, mind anyagukat, mind megjelen\u00e9s\u00fcket tekintve is sok v\u00e1ltozatban k\u00e9sz\u00fclnek. \u00c1ltal\u00e1ban vagy s\u00edk, vagy peremezett(45 fokban lehajtott sz\u00e9lek) kivitel\u0171ek, anyagukat tekintve f\u00e9m-, alu-szendvics-, vagy m\u0171anyag lemezb\u0151l k\u00e9sz\u00fclhetnek. M\u00e9reteik is igen v\u00e1ltozatosak, a 150&#215;150, a a 180&#215;180, a 200&#215;150, a 210&#215;180, \u00e9s a 250&#215;200 mm a leggyakoribb, de megrendel\u0151ink ig\u00e9nyei szerint b\u00e1rmilyen m\u00e9retben elk\u00e9sz\u00edtj\u00fck h\u00e1zsz\u00e1mt\u00e1bl\u00e1ikat. Feh\u00e9r alapon fekete grafik\u00e1val festett alu-szendvics- \u00e9s horganyzott lemez t\u00e1bl\u00e1inkra <strong>10 \u00e9v \u00e1trozsd\u00e1sod\u00e1sra \u00e9s sz\u00edntart\u00f3ss\u00e1gra vonatkoz\u00f3 garanci\u00e1t adunk.<\/strong><\/p>\n","protected":false},"excerpt":{"rendered":"<p>A h\u00e1zsz\u00e1mt\u00e1bl\u00e1k, csak\u00fagy, mint az utcan\u00e9vt\u00e1bl\u00e1k, mind m\u00e9ret\u00fcket, mind anyagukat, mind megjelen\u00e9s\u00fcket tekintve is sok v\u00e1ltozatban k\u00e9sz\u00fclnek. \u00c1ltal\u00e1ban vagy s\u00edk, vagy peremezett(45 fokban lehajtott sz\u00e9lek) kivitel\u0171ek, anyagukat tekintve f\u00e9m-, alu-szendvics-, vagy m\u0171anyag lemezb\u0151l k\u00e9sz\u00fclhetnek. M\u00e9reteik is igen v\u00e1ltozatosak, a 150&#215;150,&hellip; <\/p>\n","protected":false},"author":2,"featured_media":0,"parent":0,"menu_order":0,"comment_status":"closed","ping_status":"open","template":"","meta":{"footnotes":""},"class_list":["post-357","page","type-page","status-publish","hentry"],"_links":{"self":[{"href":"http:\/\/www.utcanev-tabla.hu\/index.php?rest_route=\/wp\/v2\/pages\/357","targetHints":{"allow":["GET"]}}],"collection":[{"href":"http:\/\/www.utcanev-tabla.hu\/index.php?rest_route=\/wp\/v2\/pages"}],"about":[{"href":"http:\/\/www.utcanev-tabla.hu\/index.php?rest_route=\/wp\/v2\/types\/page"}],"author":[{"embeddable":true,"href":"http:\/\/www.utcanev-tabla.hu\/index.php?rest_route=\/wp\/v2\/users\/2"}],"replies":[{"embeddable":true,"href":"http:\/\/www.utcanev-tabla.hu\/index.php?rest_route=%2Fwp%2Fv2%2Fcomments&post=357"}],"version-history":[{"count":4,"href":"http:\/\/www.utcanev-tabla.hu\/index.php?rest_route=\/wp\/v2\/pages\/357\/revisions"}],"predecessor-version":[{"id":384,"href":"http:\/\/www.utcanev-tabla.hu\/index.php?rest_route=\/wp\/v2\/pages\/357\/revisions\/384"}],"wp:attachment":[{"href":"http:\/\/www.utcanev-tabla.hu\/index.php?rest_route=%2Fwp%2Fv2%2Fmedia&parent=357"}],"curies":[{"name":"wp","href":"https:\/\/api.w.org\/{rel}","templated":true}]}}